{"id":40,"date":"2015-07-22T11:43:24","date_gmt":"2015-07-22T11:43:24","guid":{"rendered":"https:\/\/marbellafincasdelmar.com\/?page_id=40"},"modified":"2015-10-03T09:18:17","modified_gmt":"2015-10-03T09:18:17","slug":"vender-o-alquilar","status":"publish","type":"page","link":"https:\/\/www.marbellafincasdelmar.com\/en\/vender-o-alquilar\/","title":{"rendered":"\u00bfVender o alquilar?"},"content":{"rendered":"<p>Si est\u00e1 pensando en vender o alquilar su propiedad \u00a1 Cuente con nosotros !<\/p>\n<p>Le ayudaremos desde el primer momento d\u00e1ndole un servicio personalizado y eficaz para que todo le resulte m\u00e1s f\u00e1cil y c\u00f3modo.<\/p>\n<p>Le ofrecemos responsabilidad y seriedad en el manejo de su propiedad.<\/p>\n<p>Estaremos encantados de poder atenderles.<\/p>\n","protected":false},"excerpt":{"rendered":"<p>Si est\u00e1 pensando en vender o alquilar su propiedad \u00a1 Cuente con nosotros ! Le ayudaremos desde el primer momento d\u00e1ndole un servicio personalizado y eficaz para que todo le resulte m\u00e1s f\u00e1cil y c\u00f3modo. Le ofrecemos responsabilidad y seriedad en el manejo de su propiedad. Estaremos encantados de poder atenderles.<\/p>\n","protected":false},"author":1,"featured_media":0,"parent":0,"menu_order":0,"comment_status":"open","ping_status":"closed","template":"vendesalquilas.php","meta":{"_acf_changed":false,"footnotes":""},"acf":[],"yoast_head":"<!-- This site is optimized with the Yoast SEO plugin v22.6 - https:\/\/yoast.com\/wordpress\/plugins\/seo\/ -->\n<title>\u00bfVender o alquilar? - Inmobiliaria<\/title>\n<meta name=\"robots\" content=\"index, follow, max-snippet:-1, max-image-preview:large, max-video-preview:-1\" \/>\n<link rel=\"canonical\" href=\"https:\/\/www.marbellafincasdelmar.com\/en\/vender-o-alquilar\/\" \/>\n<meta property=\"og:locale\" content=\"en_US\" \/>\n<meta property=\"og:type\" content=\"article\" \/>\n<meta property=\"og:title\" content=\"\u00bfVender o alquilar? - Inmobiliaria\" \/>\n<meta property=\"og:description\" content=\"Si est\u00e1 pensando en vender o alquilar su propiedad \u00a1 Cuente con nosotros ! Le ayudaremos desde el primer momento d\u00e1ndole un servicio personalizado y eficaz para que todo le resulte m\u00e1s f\u00e1cil y c\u00f3modo. Le ofrecemos responsabilidad y seriedad en el manejo de su propiedad. Estaremos encantados de poder atenderles.\" \/>\n<meta property=\"og:url\" content=\"https:\/\/www.marbellafincasdelmar.com\/vender-o-alquilar\/\" \/>\n<meta property=\"og:site_name\" content=\"Inmobiliaria\" \/>\n<meta property=\"article:modified_time\" content=\"2015-10-03T09:18:17+00:00\" \/>\n<meta name=\"twitter:card\" content=\"summary_large_image\" \/>\n<script type=\"application\/ld+json\" class=\"yoast-schema-graph\">{\"@context\":\"https:\/\/schema.org\",\"@graph\":[{\"@type\":\"WebPage\",\"@id\":\"https:\/\/www.marbellafincasdelmar.com\/vender-o-alquilar\/\",\"url\":\"https:\/\/www.marbellafincasdelmar.com\/vender-o-alquilar\/\",\"name\":\"\u00bfVender o alquilar? - Inmobiliaria\",\"isPartOf\":{\"@id\":\"https:\/\/www.marbellafincasdelmar.com\/#website\"},\"datePublished\":\"2015-07-22T11:43:24+00:00\",\"dateModified\":\"2015-10-03T09:18:17+00:00\",\"breadcrumb\":{\"@id\":\"https:\/\/www.marbellafincasdelmar.com\/vender-o-alquilar\/#breadcrumb\"},\"inLanguage\":\"en-US\",\"potentialAction\":[{\"@type\":\"ReadAction\",\"target\":[\"https:\/\/www.marbellafincasdelmar.com\/vender-o-alquilar\/\"]}]},{\"@type\":\"BreadcrumbList\",\"@id\":\"https:\/\/www.marbellafincasdelmar.com\/vender-o-alquilar\/#breadcrumb\",\"itemListElement\":[{\"@type\":\"ListItem\",\"position\":1,\"name\":\"Portada\",\"item\":\"https:\/\/www.marbellafincasdelmar.com\/\"},{\"@type\":\"ListItem\",\"position\":2,\"name\":\"Vender o Alquilar\"}]},{\"@type\":\"WebSite\",\"@id\":\"https:\/\/www.marbellafincasdelmar.com\/#website\",\"url\":\"https:\/\/www.marbellafincasdelmar.com\/\",\"name\":\"Inmobiliaria\",\"description\":\"Otro sitio realizado con WordPress\",\"potentialAction\":[{\"@type\":\"SearchAction\",\"target\":{\"@type\":\"EntryPoint\",\"urlTemplate\":\"https:\/\/www.marbellafincasdelmar.com\/?s={search_term_string}\"},\"query-input\":\"required name=search_term_string\"}],\"inLanguage\":\"en-US\"}]}<\/script>\n<!-- \/ Yoast SEO plugin. -->","yoast_head_json":{"title":"\u00bfVender o alquilar? - Inmobiliaria","robots":{"index":"index","follow":"follow","max-snippet":"max-snippet:-1","max-image-preview":"max-image-preview:large","max-video-preview":"max-video-preview:-1"},"canonical":"https:\/\/www.marbellafincasdelmar.com\/en\/vender-o-alquilar\/","og_locale":"en_US","og_type":"article","og_title":"\u00bfVender o alquilar? - Inmobiliaria","og_description":"Si est\u00e1 pensando en vender o alquilar su propiedad \u00a1 Cuente con nosotros ! Le ayudaremos desde el primer momento d\u00e1ndole un servicio personalizado y eficaz para que todo le resulte m\u00e1s f\u00e1cil y c\u00f3modo. Le ofrecemos responsabilidad y seriedad en el manejo de su propiedad. Estaremos encantados de poder atenderles.","og_url":"https:\/\/www.marbellafincasdelmar.com\/vender-o-alquilar\/","og_site_name":"Inmobiliaria","article_modified_time":"2015-10-03T09:18:17+00:00","twitter_card":"summary_large_image","schema":{"@context":"https:\/\/schema.org","@graph":[{"@type":"WebPage","@id":"https:\/\/www.marbellafincasdelmar.com\/vender-o-alquilar\/","url":"https:\/\/www.marbellafincasdelmar.com\/vender-o-alquilar\/","name":"\u00bfVender o alquilar? - Inmobiliaria","isPartOf":{"@id":"https:\/\/www.marbellafincasdelmar.com\/#website"},"datePublished":"2015-07-22T11:43:24+00:00","dateModified":"2015-10-03T09:18:17+00:00","breadcrumb":{"@id":"https:\/\/www.marbellafincasdelmar.com\/vender-o-alquilar\/#breadcrumb"},"inLanguage":"en-US","potentialAction":[{"@type":"ReadAction","target":["https:\/\/www.marbellafincasdelmar.com\/vender-o-alquilar\/"]}]},{"@type":"BreadcrumbList","@id":"https:\/\/www.marbellafincasdelmar.com\/vender-o-alquilar\/#breadcrumb","itemListElement":[{"@type":"ListItem","position":1,"name":"Portada","item":"https:\/\/www.marbellafincasdelmar.com\/"},{"@type":"ListItem","position":2,"name":"Vender o Alquilar"}]},{"@type":"WebSite","@id":"https:\/\/www.marbellafincasdelmar.com\/#website","url":"https:\/\/www.marbellafincasdelmar.com\/","name":"Inmobiliaria","description":"Otro sitio realizado con WordPress","potentialAction":[{"@type":"SearchAction","target":{"@type":"EntryPoint","urlTemplate":"https:\/\/www.marbellafincasdelmar.com\/?s={search_term_string}"},"query-input":"required name=search_term_string"}],"inLanguage":"en-US"}]}},"_links":{"self":[{"href":"https:\/\/www.marbellafincasdelmar.com\/en\/wp-json\/wp\/v2\/pages\/40"}],"collection":[{"href":"https:\/\/www.marbellafincasdelmar.com\/en\/wp-json\/wp\/v2\/pages"}],"about":[{"href":"https:\/\/www.marbellafincasdelmar.com\/en\/wp-json\/wp\/v2\/types\/page"}],"author":[{"embeddable":true,"href":"https:\/\/www.marbellafincasdelmar.com\/en\/wp-json\/wp\/v2\/users\/1"}],"replies":[{"embeddable":true,"href":"https:\/\/www.marbellafincasdelmar.com\/en\/wp-json\/wp\/v2\/comments?post=40"}],"version-history":[{"count":9,"href":"https:\/\/www.marbellafincasdelmar.com\/en\/wp-json\/wp\/v2\/pages\/40\/revisions"}],"predecessor-version":[{"id":307,"href":"https:\/\/www.marbellafincasdelmar.com\/en\/wp-json\/wp\/v2\/pages\/40\/revisions\/307"}],"wp:attachment":[{"href":"https:\/\/www.marbellafincasdelmar.com\/en\/wp-json\/wp\/v2\/media?parent=40"}],"curies":[{"name":"wp","href":"https:\/\/api.w.org\/{rel}","templated":true}]}}